{"id":1060,"date":"2025-05-22T11:09:27","date_gmt":"2025-05-22T11:09:27","guid":{"rendered":"https:\/\/planseal.com\/cookie-policy-eu\/"},"modified":"2025-05-26T11:36:14","modified_gmt":"2025-05-26T11:36:14","slug":"politika-kolacica","status":"publish","type":"page","link":"https:\/\/planseal.com\/hr\/politika-kolacica\/","title":{"rendered":"Politika kola\u010di\u0107a"},"content":{"rendered":"\t\t<div data-elementor-type=\"wp-page\" data-elementor-id=\"1060\" class=\"elementor elementor-1060\">\n\t\t\t\t<div class=\"elementor-element elementor-element-ba355a7 e-flex e-con-boxed e-con e-parent\" data-id=\"ba355a7\" data-element_type=\"container\" data-e-type=\"container\">\n\t\t\t\t\t<div class=\"e-con-inner\">\n\t\t\t\t<div class=\"elementor-element elementor-element-43595cf elementor-widget elementor-widget-text-editor\" data-id=\"43595cf\" data-element_type=\"widget\" data-e-type=\"widget\" data-widget_type=\"text-editor.default\">\n\t\t\t\t<div class=\"elementor-widget-container\">\n\t\t\t\t\t\t\t\t\t<h2 data-start=\"253\" data-end=\"273\">Politika kola\u010di\u0107a<\/h2><p data-start=\"275\" data-end=\"424\"><strong data-start=\"275\" data-end=\"424\">Ova Politika kola\u010di\u0107a zadnji put je a\u017eurirana 22. 5. 2025. i odnosi se na gra\u0111ane i stalne rezidente Europskog gospodarskog prostora i \u0160vicarske.<\/strong><\/p><hr data-start=\"426\" data-end=\"429\" \/><h3 data-start=\"431\" data-end=\"442\">1. Uvod<\/h3><p data-start=\"444\" data-end=\"768\">Na\u0161a web stranica, <a class=\"\" href=\"https:\/\/planseal.com\" target=\"_new\" rel=\"noopener\" data-start=\"463\" data-end=\"507\">https:\/\/planseal.com<\/a> (u daljnjem tekstu: &#8220;web stranica&#8221;), koristi kola\u010di\u0107e i sli\u010dne tehnologije (radi lak\u0161eg razumijevanja sve \u0107emo ih zvati &#8220;kola\u010di\u0107i&#8221;). Kola\u010di\u0107e postavljamo mi, ali i tre\u0107e strane s kojima sura\u0111ujemo. U ovom dokumentu obja\u0161njavamo kako i za\u0161to koristimo kola\u010di\u0107e.<\/p><hr data-start=\"770\" data-end=\"773\" \/><h3 data-start=\"775\" data-end=\"798\">2. \u0160to su kola\u010di\u0107i?<\/h3><p data-start=\"800\" data-end=\"1009\">Kola\u010di\u0107 je mala tekstualna datoteka koja se sprema na va\u0161 ure\u0111aj kada posjetite web stranicu. Omogu\u0107ava da se odre\u0111eni podaci zapamte prilikom sljede\u0107ih posjeta \u2013 npr. va\u0161e postavke, sadr\u017eaj ko\u0161arice i sli\u010dno.<\/p><hr data-start=\"1011\" data-end=\"1014\" \/><h3 data-start=\"1016\" data-end=\"1038\">3. \u0160to su skripte?<\/h3><p data-start=\"1040\" data-end=\"1202\">Skripte su dijelovi programskog koda koji omogu\u0107uju pravilno i interaktivno funkcioniranje web stranice. Izvr\u0161avaju se na na\u0161em poslu\u017eitelju ili na va\u0161em ure\u0111aju.<\/p><hr data-start=\"1204\" data-end=\"1207\" \/><h3 data-start=\"1209\" data-end=\"1250\">4. \u0160to je web pratilica (web beacon)?<\/h3><p data-start=\"1252\" data-end=\"1477\">Web beacon (ili piksel oznaka) je mala, nevidljiva slika ili tekst koji se koristi za pra\u0107enje prometa na web stranici. Kori\u0161tenjem web beacona mo\u017ee se prikupiti odre\u0111ena tehni\u010dka statistika o pona\u0161anju korisnika na stranici.<\/p><hr data-start=\"1479\" data-end=\"1482\" \/><h3 data-start=\"1484\" data-end=\"1520\">5. Vrste kola\u010di\u0107a koje koristimo<\/h3><h4 data-start=\"1522\" data-end=\"1565\">5.1 Tehni\u010dki ili funkcionalni kola\u010di\u0107i<\/h4><p data-start=\"1567\" data-end=\"1749\">Ovi kola\u010di\u0107i omogu\u0107uju ispravno funkcioniranje dijelova stranice i pamte va\u0161e korisni\u010dke postavke (npr. odabrani jezik). Postavljaju se bez va\u0161e privole jer su nu\u017eni za rad stranice.<\/p><h4 data-start=\"1751\" data-end=\"1791\">5.2 Statisti\u010dki kola\u010di\u0107i (anonimni)<\/h4><p data-start=\"1793\" data-end=\"1942\">Ovi kola\u010di\u0107i prikupljaju anonimne podatke o kori\u0161tenju stranice kako bismo pobolj\u0161ali korisni\u010dko iskustvo (npr. broj posjeta, trajanje posjete itd.).<\/p><h4 data-start=\"1944\" data-end=\"1984\">5.3 Marketin\u0161ki \/ pra\u0107enje kola\u010di\u0107i<\/h4><p data-start=\"1986\" data-end=\"2140\">Koriste se za pra\u0107enje korisnika kroz vi\u0161e web stranica s ciljem prikazivanja personaliziranih oglasa ili za za\u0161titu od zlouporabe (npr. putem reCAPTCHA).<\/p><hr data-start=\"2142\" data-end=\"2145\" \/><h3 data-start=\"2147\" data-end=\"2177\">6. Kola\u010di\u0107i koje koristimo<\/h3><div class=\"_tableContainer_16hzy_1\"><div class=\"_tableWrapper_16hzy_14 group flex w-fit flex-col-reverse\" tabindex=\"-1\"><table class=\"w-fit min-w-(--thread-content-width)\" data-start=\"2179\" data-end=\"3065\"><thead data-start=\"2179\" data-end=\"2275\"><tr data-start=\"2179\" data-end=\"2275\"><th data-start=\"2179\" data-end=\"2202\" data-col-size=\"sm\">Naziv kola\u010di\u0107a<\/th><th data-start=\"2202\" data-end=\"2275\" data-col-size=\"md\">Svrha<\/th><\/tr><\/thead><tbody data-start=\"2374\" data-end=\"3065\"><tr data-start=\"2374\" data-end=\"2471\"><td data-start=\"2374\" data-end=\"2397\" data-col-size=\"sm\"><strong data-start=\"2376\" data-end=\"2389\">Elementor<\/strong><\/td><td data-col-size=\"md\" data-start=\"2397\" data-end=\"2471\">Statistika \u2013 anonimno prati u\u010ditavanje i prikaz elemenata stranice.<\/td><\/tr><tr data-start=\"2472\" data-end=\"2570\"><td data-start=\"2472\" data-end=\"2495\" data-col-size=\"sm\"><strong data-start=\"2474\" data-end=\"2487\">WordPress<\/strong><\/td><td data-col-size=\"md\" data-start=\"2495\" data-end=\"2570\">Funkcionalni \u2013 pamti korisni\u010dke postavke i podatke za prijavu.<\/td><\/tr><tr data-start=\"2571\" data-end=\"2669\"><td data-start=\"2571\" data-end=\"2594\" data-col-size=\"sm\"><strong data-start=\"2573\" data-end=\"2581\">WPML<\/strong><\/td><td data-col-size=\"md\" data-start=\"2594\" data-end=\"2669\">Funkcionalni \u2013 pamti odabrani jezik korisnika.<\/td><\/tr><tr data-start=\"2670\" data-end=\"2768\"><td data-start=\"2670\" data-end=\"2693\" data-col-size=\"sm\"><strong data-start=\"2672\" data-end=\"2688\">Google Fonts<\/strong><\/td><td data-col-size=\"md\" data-start=\"2693\" data-end=\"2768\">Funkcionalni \u2013 omogu\u0107uje prikaz Google fontova na stranici.<\/td><\/tr><tr data-start=\"2769\" data-end=\"2867\"><td data-start=\"2769\" data-end=\"2792\" data-col-size=\"sm\"><strong data-start=\"2771\" data-end=\"2791\">Google reCAPTCHA<\/strong><\/td><td data-col-size=\"md\" data-start=\"2792\" data-end=\"2867\">Sigurnosni \/ Marketin\u0161ki \u2013 \u0161titi od ne\u017eeljenih poruka i botova.<\/td><\/tr><tr data-start=\"2868\" data-end=\"2966\"><td data-start=\"2868\" data-end=\"2891\" data-col-size=\"sm\"><strong data-start=\"2870\" data-end=\"2885\">Google Maps<\/strong><\/td><td data-col-size=\"md\" data-start=\"2891\" data-end=\"2966\">Funkcionalni \u2013 omogu\u0107uje prikaz interaktivnih karata.<\/td><\/tr><tr data-start=\"2967\" data-end=\"3065\"><td data-start=\"2967\" data-end=\"2990\" data-col-size=\"sm\"><strong data-start=\"2969\" data-end=\"2987\">Ostali (razni)<\/strong><\/td><td data-col-size=\"md\" data-start=\"2990\" data-end=\"3065\"><p>Ova kategorija obuhva\u0107a kola\u010di\u0107e koji ne spadaju pod standardne grupe (funkcionalni, statisti\u010dki, marketin\u0161ki), ve\u0107 su povezani s pona\u0161anjem korisni\u010dkog su\u010delja i konfiguracijom dodataka (poput Elementor ili Complianz).<\/p><ul><li data-start=\"389\" data-end=\"551\"><p data-start=\"391\" data-end=\"551\"><strong data-start=\"391\" data-end=\"412\">o-show-onboarding<\/strong><br data-start=\"412\" data-end=\"415\" \/><em data-start=\"417\" data-end=\"448\">Trajanje: sesijski ili trajni<\/em><br data-start=\"448\" data-end=\"451\" \/>Koristi se za prikaz i pam\u0107enje korisni\u010dkih uputa pri prvom kori\u0161tenju alata kao \u0161to je Elementor.<\/p><\/li><li data-start=\"553\" data-end=\"700\"><p data-start=\"555\" data-end=\"700\"><strong data-start=\"555\" data-end=\"574\">e_event-tracker<\/strong><br data-start=\"574\" data-end=\"577\" \/><em data-start=\"579\" data-end=\"599\">Trajanje: sesijski<\/em><br data-start=\"599\" data-end=\"602\" \/>Prati korisni\u010dke interakcije unutar Elementor editor su\u010delja. Ne koristi se u marketin\u0161ke svrhe.<\/p><\/li><li data-start=\"702\" data-end=\"839\"><p data-start=\"704\" data-end=\"839\"><strong data-start=\"704\" data-end=\"731\">e_kit-elements-defaults<\/strong><br data-start=\"731\" data-end=\"734\" \/><em data-start=\"736\" data-end=\"756\">Trajanje: sesijski<\/em><br data-start=\"756\" data-end=\"759\" \/>Pamti zadane postavke prikaza Elementor elemenata kao \u0161to su widgeti i moduli.<\/p><\/li><li data-start=\"841\" data-end=\"1001\"><p data-start=\"843\" data-end=\"1001\"><strong data-start=\"843\" data-end=\"863\">cmplz_functional<\/strong><br data-start=\"863\" data-end=\"866\" \/><em data-start=\"868\" data-end=\"888\">Trajanje: 365 dana<\/em><br data-start=\"888\" data-end=\"891\" \/>Sprema korisni\u010dke odabire vezane uz funkcionalne kola\u010di\u0107e, koji su nu\u017eni za osnovno funkcioniranje stranice.<\/p><\/li><li data-start=\"1003\" data-end=\"1164\"><p data-start=\"1005\" data-end=\"1164\"><strong data-start=\"1005\" data-end=\"1026\">cmplz_preferences<\/strong><br data-start=\"1026\" data-end=\"1029\" \/><em data-start=\"1031\" data-end=\"1051\">Trajanje: 365 dana<\/em><br data-start=\"1051\" data-end=\"1054\" \/>Pamti korisni\u010dke preferencije u vezi postavki kola\u010di\u0107a, kako bi iste bile primijenjene pri ponovnom posjetu.<\/p><\/li><li data-start=\"1166\" data-end=\"1291\"><p data-start=\"1168\" data-end=\"1291\"><strong data-start=\"1168\" data-end=\"1187\">cmplz_marketing<\/strong><br data-start=\"1187\" data-end=\"1190\" \/><em data-start=\"1192\" data-end=\"1212\">Trajanje: 365 dana<\/em><br data-start=\"1212\" data-end=\"1215\" \/>Evidentira je li korisnik dao privolu za kori\u0161tenje marketin\u0161kih kola\u010di\u0107a.<\/p><\/li><li data-start=\"1293\" data-end=\"1455\"><p data-start=\"1295\" data-end=\"1455\"><strong data-start=\"1295\" data-end=\"1323\">cmplz_consented_services<\/strong><br data-start=\"1323\" data-end=\"1326\" \/><em data-start=\"1328\" data-end=\"1348\">Trajanje: 365 dana<\/em><br data-start=\"1348\" data-end=\"1351\" \/>Sprema koje ste dodatne usluge (npr. Google Maps, reCAPTCHA) dopustili tijekom upravljanja kola\u010di\u0107ima.<\/p><\/li><\/ul><\/td><\/tr><\/tbody><\/table><h3 data-start=\"3072\" data-end=\"3086\">\u00a0<\/h3><h3 data-start=\"3072\" data-end=\"3086\">7. Privola<\/h3><p data-start=\"3088\" data-end=\"3292\">Kada prvi put posjetite na\u0161u stranicu, prikazujemo vam sko\u010dni prozor u kojem mo\u017eete postaviti postavke kola\u010di\u0107a. Klikom na <strong data-start=\"3211\" data-end=\"3232\">&#8220;Spremi postavke&#8221;<\/strong> dajete privolu za kori\u0161tenje odabranih kategorija kola\u010di\u0107a.<\/p><p data-start=\"3294\" data-end=\"3445\">Privolu mo\u017eete povu\u0107i u bilo kojem trenutku putem postavki preglednika. Imajte na umu da stranica mo\u017eda ne\u0107e pravilno funkcionirati bez nekih kola\u010di\u0107a.<\/p><hr data-start=\"3447\" data-end=\"3450\" \/><h3 data-start=\"3452\" data-end=\"3490\">7.1 Upravljanje postavkama privole<\/h3><p data-start=\"3492\" data-end=\"3623\">Ako pregledavate web bez JavaScript podr\u0161ke ili u AMP na\u010dinu rada, mogu\u0107nost upravljanja privolama bit \u0107e dostupna na dnu stranice.<\/p><hr data-start=\"3625\" data-end=\"3628\" \/><h3 data-start=\"3630\" data-end=\"3683\">8. Uklju\u010divanje\/isklju\u010divanje i brisanje kola\u010di\u0107a<\/h3><p data-start=\"3685\" data-end=\"3758\">Postavke kola\u010di\u0107a mo\u017eete upravljati putem va\u0161eg internetskog preglednika:<\/p><ul data-start=\"3759\" data-end=\"3908\"><li data-start=\"3759\" data-end=\"3799\"><p data-start=\"3761\" data-end=\"3799\">automatski ili ru\u010dno brisati kola\u010di\u0107e,<\/p><\/li><li data-start=\"3800\" data-end=\"3871\"><p data-start=\"3802\" data-end=\"3871\">postaviti da se svaki put zatra\u017ei odobrenje za postavljanje kola\u010di\u0107a,<\/p><\/li><li data-start=\"3872\" data-end=\"3908\"><p data-start=\"3874\" data-end=\"3908\">zabraniti odre\u0111ene vrste kola\u010di\u0107a.<\/p><\/li><\/ul><p data-start=\"3910\" data-end=\"4057\">Detaljne upute potra\u017eite u &#8220;Pomo\u0107&#8221; odjeljku svog preglednika.<br data-start=\"3971\" data-end=\"3974\" \/>Napomena: ako onemogu\u0107ite sve kola\u010di\u0107e, stranica mo\u017eda ne\u0107e funkcionirati ispravno.<\/p><hr data-start=\"4059\" data-end=\"4062\" \/><h3 data-start=\"4064\" data-end=\"4107\">9. Va\u0161a prava u vezi s osobnim podacima<\/h3><p data-start=\"4109\" data-end=\"4130\">Imate sljede\u0107a prava:<\/p><ul data-start=\"4131\" data-end=\"4497\"><li data-start=\"4131\" data-end=\"4219\"><p data-start=\"4133\" data-end=\"4219\">Pravo na informaciju: znati koji se podaci prikupljaju, za\u0161to i koliko dugo se \u010duvaju.<\/p><\/li><li data-start=\"4220\" data-end=\"4268\"><p data-start=\"4222\" data-end=\"4268\">Pravo na pristup: uvid u svoje osobne podatke.<\/p><\/li><li data-start=\"4269\" data-end=\"4333\"><p data-start=\"4271\" data-end=\"4333\">Pravo na ispravak: dopuniti, izmijeniti ili izbrisati podatke.<\/p><\/li><li data-start=\"4334\" data-end=\"4384\"><p data-start=\"4336\" data-end=\"4384\">Pravo na povla\u010denje privole i brisanje podataka.<\/p><\/li><li data-start=\"4385\" data-end=\"4457\"><p data-start=\"4387\" data-end=\"4457\">Pravo na prijenos podataka: prenijeti podatke drugom voditelju obrade.<\/p><\/li><li data-start=\"4458\" data-end=\"4497\"><p data-start=\"4460\" data-end=\"4497\">Pravo na prigovor na obradu podataka.<\/p><\/li><\/ul><p data-start=\"4499\" data-end=\"4643\">Za ostvarivanje prava kontaktirajte nas (podaci u nastavku). Tako\u0111er imate pravo podnijeti pritu\u017ebu Agenciji za za\u0161titu osobnih podataka (AZOP).<\/p><hr data-start=\"4645\" data-end=\"4648\" \/><h3 data-start=\"4650\" data-end=\"4672\">10. Kontakt podaci<\/h3><p data-start=\"4674\" data-end=\"4764\"><strong data-start=\"4674\" data-end=\"4702\">Planseal Bautechnik GmbH<\/strong><br data-start=\"4702\" data-end=\"4705\" \/>Guttenburger Stra\u00dfe 32<br data-start=\"4727\" data-end=\"4730\" \/>84559 Kraiburg a. Inn<br data-start=\"4751\" data-end=\"4754\" \/>Njema\u010dka<\/p><p data-start=\"4766\" data-end=\"4880\">Web: <a class=\"\" href=\"https:\/\/planseal.com\" target=\"_new\" rel=\"noopener\" data-start=\"4774\" data-end=\"4818\">https:\/\/planseal.com<\/a><br data-start=\"4818\" data-end=\"4821\" \/>Email: <a class=\"cursor-pointer\" rel=\"noopener\" data-start=\"4831\" data-end=\"4847\">info@planseal.de<\/a><br data-start=\"4847\" data-end=\"4850\" \/>Telefon: +49 1573 7557943<\/p><\/div><\/div>\t\t\t\t\t\t\t\t<\/div>\n\t\t\t\t<\/div>\n\t\t\t\t\t<\/div>\n\t\t\t\t<\/div>\n\t\t\t\t<\/div>\n\t\t","protected":false},"excerpt":{"rendered":"<p>Politika kola\u010di\u0107a Ova Politika kola\u010di\u0107a zadnji put je a\u017eurirana 22. 5. 2025. i odnosi se na gra\u0111ane i stalne rezidente Europskog gospodarskog prostora i \u0160vicarske. 1. Uvod Na\u0161a web stranica, https:\/\/planseal.com (u daljnjem tekstu: &#8220;web stranica&#8221;), koristi kola\u010di\u0107e i sli\u010dne tehnologije (radi lak\u0161eg razumijevanja sve \u0107emo ih zvati &#8220;kola\u010di\u0107i&#8221;). Kola\u010di\u0107e postavljamo mi, ali i tre\u0107e [&hellip;]<\/p>\n","protected":false},"author":1,"featured_media":0,"parent":0,"menu_order":0,"comment_status":"closed","ping_status":"closed","template":"","meta":{"_themeisle_gutenberg_block_has_review":false,"footnotes":""},"class_list":["post-1060","page","type-page","status-publish","hentry"],"blocksy_meta":[],"yoast_head":"<!-- This site is optimized with the Yoast SEO plugin v27.4 - https:\/\/yoast.com\/product\/yoast-seo-wordpress\/ -->\n<title>Cookie-Richtlinie<\/title>\n<meta name=\"robots\" content=\"index, follow, max-snippet:-1, max-image-preview:large, max-video-preview:-1\" \/>\n<link rel=\"canonical\" href=\"https:\/\/planseal.com\/hr\/politika-kolacica\/\" \/>\n<meta property=\"og:locale\" content=\"hr_HR\" \/>\n<meta property=\"og:type\" content=\"article\" \/>\n<meta property=\"og:title\" content=\"Cookie-Richtlinie\" \/>\n<meta property=\"og:description\" content=\"Politika kola\u010di\u0107a Ova Politika kola\u010di\u0107a zadnji put je a\u017eurirana 22. 5. 2025. i odnosi se na gra\u0111ane i stalne rezidente Europskog gospodarskog prostora i \u0160vicarske. 1. Uvod Na\u0161a web stranica, https:\/\/planseal.com (u daljnjem tekstu: &#8220;web stranica&#8221;), koristi kola\u010di\u0107e i sli\u010dne tehnologije (radi lak\u0161eg razumijevanja sve \u0107emo ih zvati &#8220;kola\u010di\u0107i&#8221;). Kola\u010di\u0107e postavljamo mi, ali i tre\u0107e [&hellip;]\" \/>\n<meta property=\"og:url\" content=\"https:\/\/planseal.com\/hr\/politika-kolacica\/\" \/>\n<meta property=\"og:site_name\" content=\"Planseal\" \/>\n<meta property=\"article:modified_time\" content=\"2025-05-26T11:36:14+00:00\" \/>\n<meta property=\"og:image\" content=\"https:\/\/planseal.com\/wp-content\/uploads\/2025\/05\/yoast-2.png\" \/>\n\t<meta property=\"og:image:width\" content=\"1200\" \/>\n\t<meta property=\"og:image:height\" content=\"675\" \/>\n\t<meta property=\"og:image:type\" content=\"image\/png\" \/>\n<meta name=\"twitter:card\" content=\"summary_large_image\" \/>\n<meta name=\"twitter:label1\" content=\"Procijenjeno vrijeme \u010ditanja\" \/>\n\t<meta name=\"twitter:data1\" content=\"4 minute\" \/>\n<script type=\"application\/ld+json\" class=\"yoast-schema-graph\">{\"@context\":\"https:\\\/\\\/schema.org\",\"@graph\":[{\"@type\":\"WebPage\",\"@id\":\"https:\\\/\\\/planseal.com\\\/hr\\\/politika-kolacica\\\/\",\"url\":\"https:\\\/\\\/planseal.com\\\/hr\\\/politika-kolacica\\\/\",\"name\":\"Cookie-Richtlinie\",\"isPartOf\":{\"@id\":\"https:\\\/\\\/planseal.com\\\/hr\\\/#website\"},\"datePublished\":\"2025-05-22T11:09:27+00:00\",\"dateModified\":\"2025-05-26T11:36:14+00:00\",\"breadcrumb\":{\"@id\":\"https:\\\/\\\/planseal.com\\\/hr\\\/politika-kolacica\\\/#breadcrumb\"},\"inLanguage\":\"hr\",\"potentialAction\":[{\"@type\":\"ReadAction\",\"target\":[\"https:\\\/\\\/planseal.com\\\/hr\\\/politika-kolacica\\\/\"]}]},{\"@type\":\"BreadcrumbList\",\"@id\":\"https:\\\/\\\/planseal.com\\\/hr\\\/politika-kolacica\\\/#breadcrumb\",\"itemListElement\":[{\"@type\":\"ListItem\",\"position\":1,\"name\":\"Home\",\"item\":\"https:\\\/\\\/planseal.com\\\/hr\\\/pocetna\\\/\"},{\"@type\":\"ListItem\",\"position\":2,\"name\":\"Politika kola\u010di\u0107a\"}]},{\"@type\":\"WebSite\",\"@id\":\"https:\\\/\\\/planseal.com\\\/hr\\\/#website\",\"url\":\"https:\\\/\\\/planseal.com\\\/hr\\\/\",\"name\":\"PLANSEAL Bautechnik GmbH\",\"description\":\"\",\"publisher\":{\"@id\":\"https:\\\/\\\/planseal.com\\\/hr\\\/#organization\"},\"alternateName\":\"PLANSEAL\",\"potentialAction\":[{\"@type\":\"SearchAction\",\"target\":{\"@type\":\"EntryPoint\",\"urlTemplate\":\"https:\\\/\\\/planseal.com\\\/hr\\\/?s={search_term_string}\"},\"query-input\":{\"@type\":\"PropertyValueSpecification\",\"valueRequired\":true,\"valueName\":\"search_term_string\"}}],\"inLanguage\":\"hr\"},{\"@type\":\"Organization\",\"@id\":\"https:\\\/\\\/planseal.com\\\/hr\\\/#organization\",\"name\":\"PLANSEAL Bautechnik GmbH\",\"alternateName\":\"PLANSEAL\",\"url\":\"https:\\\/\\\/planseal.com\\\/hr\\\/\",\"logo\":{\"@type\":\"ImageObject\",\"inLanguage\":\"hr\",\"@id\":\"https:\\\/\\\/planseal.com\\\/hr\\\/#\\\/schema\\\/logo\\\/image\\\/\",\"url\":\"https:\\\/\\\/planseal.com\\\/wp-content\\\/uploads\\\/2025\\\/05\\\/yoast-logo.jpg\",\"contentUrl\":\"https:\\\/\\\/planseal.com\\\/wp-content\\\/uploads\\\/2025\\\/05\\\/yoast-logo.jpg\",\"width\":696,\"height\":696,\"caption\":\"PLANSEAL Bautechnik GmbH\"},\"image\":{\"@id\":\"https:\\\/\\\/planseal.com\\\/hr\\\/#\\\/schema\\\/logo\\\/image\\\/\"}}]}<\/script>\n<!-- \/ Yoast SEO plugin. -->","yoast_head_json":{"title":"Cookie-Richtlinie","robots":{"index":"index","follow":"follow","max-snippet":"max-snippet:-1","max-image-preview":"max-image-preview:large","max-video-preview":"max-video-preview:-1"},"canonical":"https:\/\/planseal.com\/hr\/politika-kolacica\/","og_locale":"hr_HR","og_type":"article","og_title":"Cookie-Richtlinie","og_description":"Politika kola\u010di\u0107a Ova Politika kola\u010di\u0107a zadnji put je a\u017eurirana 22. 5. 2025. i odnosi se na gra\u0111ane i stalne rezidente Europskog gospodarskog prostora i \u0160vicarske. 1. Uvod Na\u0161a web stranica, https:\/\/planseal.com (u daljnjem tekstu: &#8220;web stranica&#8221;), koristi kola\u010di\u0107e i sli\u010dne tehnologije (radi lak\u0161eg razumijevanja sve \u0107emo ih zvati &#8220;kola\u010di\u0107i&#8221;). Kola\u010di\u0107e postavljamo mi, ali i tre\u0107e [&hellip;]","og_url":"https:\/\/planseal.com\/hr\/politika-kolacica\/","og_site_name":"Planseal","article_modified_time":"2025-05-26T11:36:14+00:00","og_image":[{"width":1200,"height":675,"url":"https:\/\/planseal.com\/wp-content\/uploads\/2025\/05\/yoast-2.png","type":"image\/png"}],"twitter_card":"summary_large_image","twitter_misc":{"Procijenjeno vrijeme \u010ditanja":"4 minute"},"schema":{"@context":"https:\/\/schema.org","@graph":[{"@type":"WebPage","@id":"https:\/\/planseal.com\/hr\/politika-kolacica\/","url":"https:\/\/planseal.com\/hr\/politika-kolacica\/","name":"Cookie-Richtlinie","isPartOf":{"@id":"https:\/\/planseal.com\/hr\/#website"},"datePublished":"2025-05-22T11:09:27+00:00","dateModified":"2025-05-26T11:36:14+00:00","breadcrumb":{"@id":"https:\/\/planseal.com\/hr\/politika-kolacica\/#breadcrumb"},"inLanguage":"hr","potentialAction":[{"@type":"ReadAction","target":["https:\/\/planseal.com\/hr\/politika-kolacica\/"]}]},{"@type":"BreadcrumbList","@id":"https:\/\/planseal.com\/hr\/politika-kolacica\/#breadcrumb","itemListElement":[{"@type":"ListItem","position":1,"name":"Home","item":"https:\/\/planseal.com\/hr\/pocetna\/"},{"@type":"ListItem","position":2,"name":"Politika kola\u010di\u0107a"}]},{"@type":"WebSite","@id":"https:\/\/planseal.com\/hr\/#website","url":"https:\/\/planseal.com\/hr\/","name":"PLANSEAL Bautechnik GmbH","description":"","publisher":{"@id":"https:\/\/planseal.com\/hr\/#organization"},"alternateName":"PLANSEAL","potentialAction":[{"@type":"SearchAction","target":{"@type":"EntryPoint","urlTemplate":"https:\/\/planseal.com\/hr\/?s={search_term_string}"},"query-input":{"@type":"PropertyValueSpecification","valueRequired":true,"valueName":"search_term_string"}}],"inLanguage":"hr"},{"@type":"Organization","@id":"https:\/\/planseal.com\/hr\/#organization","name":"PLANSEAL Bautechnik GmbH","alternateName":"PLANSEAL","url":"https:\/\/planseal.com\/hr\/","logo":{"@type":"ImageObject","inLanguage":"hr","@id":"https:\/\/planseal.com\/hr\/#\/schema\/logo\/image\/","url":"https:\/\/planseal.com\/wp-content\/uploads\/2025\/05\/yoast-logo.jpg","contentUrl":"https:\/\/planseal.com\/wp-content\/uploads\/2025\/05\/yoast-logo.jpg","width":696,"height":696,"caption":"PLANSEAL Bautechnik GmbH"},"image":{"@id":"https:\/\/planseal.com\/hr\/#\/schema\/logo\/image\/"}}]}},"_links":{"self":[{"href":"https:\/\/planseal.com\/hr\/wp-json\/wp\/v2\/pages\/1060","targetHints":{"allow":["GET"]}}],"collection":[{"href":"https:\/\/planseal.com\/hr\/wp-json\/wp\/v2\/pages"}],"about":[{"href":"https:\/\/planseal.com\/hr\/wp-json\/wp\/v2\/types\/page"}],"author":[{"embeddable":true,"href":"https:\/\/planseal.com\/hr\/wp-json\/wp\/v2\/users\/1"}],"replies":[{"embeddable":true,"href":"https:\/\/planseal.com\/hr\/wp-json\/wp\/v2\/comments?post=1060"}],"version-history":[{"count":7,"href":"https:\/\/planseal.com\/hr\/wp-json\/wp\/v2\/pages\/1060\/revisions"}],"predecessor-version":[{"id":1101,"href":"https:\/\/planseal.com\/hr\/wp-json\/wp\/v2\/pages\/1060\/revisions\/1101"}],"wp:attachment":[{"href":"https:\/\/planseal.com\/hr\/wp-json\/wp\/v2\/media?parent=1060"}],"curies":[{"name":"wp","href":"https:\/\/api.w.org\/{rel}","templated":true}]}}