{"id":1053,"date":"2025-05-22T10:51:28","date_gmt":"2025-05-22T10:51:28","guid":{"rendered":"https:\/\/planseal.com\/?page_id=1053"},"modified":"2025-05-26T11:36:50","modified_gmt":"2025-05-26T11:36:50","slug":"impressum","status":"publish","type":"page","link":"https:\/\/planseal.com\/hr\/impressum\/","title":{"rendered":"Impressum"},"content":{"rendered":"\t\t<div data-elementor-type=\"wp-page\" data-elementor-id=\"1053\" class=\"elementor elementor-1053\">\n\t\t\t\t<div class=\"elementor-element elementor-element-f16e90f e-flex e-con-boxed e-con e-parent\" data-id=\"f16e90f\" data-element_type=\"container\" data-e-type=\"container\">\n\t\t\t\t\t<div class=\"e-con-inner\">\n\t\t\t\t<div class=\"elementor-element elementor-element-d122d14 elementor-widget elementor-widget-text-editor\" data-id=\"d122d14\" data-element_type=\"widget\" data-e-type=\"widget\" data-widget_type=\"text-editor.default\">\n\t\t\t\t<div class=\"elementor-widget-container\">\n\t\t\t\t\t\t\t\t\t<p data-start=\"63\" data-end=\"94\"><strong data-start=\"63\" data-end=\"94\">IMPRESSUM (Podaci o tvrtki)<\/strong><\/p><p data-start=\"96\" data-end=\"205\">sukladno \u00a7 5 TMG<br data-start=\"112\" data-end=\"115\" \/><strong data-start=\"115\" data-end=\"143\">Planseal Bautechnik GmbH<\/strong><br data-start=\"143\" data-end=\"146\" \/>Guttenburger Stra\u00dfe 32<br data-start=\"168\" data-end=\"171\" \/>84559 Kraiburg a. Inn<br data-start=\"192\" data-end=\"195\" \/>Njema\u010dka<\/p><p data-start=\"207\" data-end=\"250\">Zastupana po:<br data-start=\"220\" data-end=\"223\" \/>Tomislav Pla\u0161\u0107 (direktor)<\/p><p data-start=\"252\" data-end=\"306\">Telefon: +49 1573 7557943<br data-start=\"277\" data-end=\"280\" \/>E-mail: <a class=\"cursor-pointer\" rel=\"noopener\" data-start=\"288\" data-end=\"304\">info@planseal.de<\/a><\/p><p data-start=\"308\" data-end=\"426\">Upis u registar:<br data-start=\"324\" data-end=\"327\" \/>Upisana u trgova\u010dki registar.<br data-start=\"356\" data-end=\"359\" \/>Nadle\u017eni sud: Trgova\u010dki sud Traunstein<br data-start=\"397\" data-end=\"400\" \/>Broj registra: HRB 33667<\/p><p data-start=\"428\" data-end=\"490\">Identifikacijski broj za PDV prema \u00a7 27a UStG:<br data-start=\"474\" data-end=\"477\" \/>DE450300924<\/p><p data-start=\"492\" data-end=\"609\">Odgovorna osoba za sadr\u017eaj prema \u00a7 55 st. 2 RStV:<br data-start=\"541\" data-end=\"544\" \/>Tomislav Pla\u0161\u0107<br data-start=\"558\" data-end=\"561\" \/>Guttenburger Stra\u00dfe 32<br data-start=\"583\" data-end=\"586\" \/>84559 Kraiburg a. Inn<\/p>\t\t\t\t\t\t\t\t<\/div>\n\t\t\t\t<\/div>\n\t\t\t\t\t<\/div>\n\t\t\t\t<\/div>\n\t\t\t\t<\/div>\n\t\t","protected":false},"excerpt":{"rendered":"<p>IMPRESSUM (Podaci o tvrtki) sukladno \u00a7 5 TMGPlanseal Bautechnik GmbHGuttenburger Stra\u00dfe 3284559 Kraiburg a. InnNjema\u010dka Zastupana po:Tomislav Pla\u0161\u0107 (direktor) Telefon: +49 1573 7557943E-mail: info@planseal.de Upis u registar:Upisana u trgova\u010dki registar.Nadle\u017eni sud: Trgova\u010dki sud TraunsteinBroj registra: HRB 33667 Identifikacijski broj za PDV prema \u00a7 27a UStG:DE450300924 Odgovorna osoba za sadr\u017eaj prema \u00a7 55 st. 2 RStV:Tomislav [&hellip;]<\/p>\n","protected":false},"author":1,"featured_media":0,"parent":0,"menu_order":0,"comment_status":"closed","ping_status":"closed","template":"","meta":{"_themeisle_gutenberg_block_has_review":false,"footnotes":""},"class_list":["post-1053","page","type-page","status-publish","hentry"],"blocksy_meta":[],"yoast_head":"<!-- This site is optimized with the Yoast SEO plugin v27.4 - https:\/\/yoast.com\/product\/yoast-seo-wordpress\/ -->\n<title>Impressum<\/title>\n<meta name=\"robots\" content=\"index, follow, max-snippet:-1, max-image-preview:large, max-video-preview:-1\" \/>\n<link rel=\"canonical\" href=\"https:\/\/planseal.com\/hr\/impressum\/\" \/>\n<meta property=\"og:locale\" content=\"hr_HR\" \/>\n<meta property=\"og:type\" content=\"article\" \/>\n<meta property=\"og:title\" content=\"Impressum\" \/>\n<meta property=\"og:description\" content=\"IMPRESSUM (Podaci o tvrtki) sukladno \u00a7 5 TMGPlanseal Bautechnik GmbHGuttenburger Stra\u00dfe 3284559 Kraiburg a. InnNjema\u010dka Zastupana po:Tomislav Pla\u0161\u0107 (direktor) Telefon: +49 1573 7557943E-mail: info@planseal.de Upis u registar:Upisana u trgova\u010dki registar.Nadle\u017eni sud: Trgova\u010dki sud TraunsteinBroj registra: HRB 33667 Identifikacijski broj za PDV prema \u00a7 27a UStG:DE450300924 Odgovorna osoba za sadr\u017eaj prema \u00a7 55 st. 2 RStV:Tomislav [&hellip;]\" \/>\n<meta property=\"og:url\" content=\"https:\/\/planseal.com\/hr\/impressum\/\" \/>\n<meta property=\"og:site_name\" content=\"Planseal\" \/>\n<meta property=\"article:modified_time\" content=\"2025-05-26T11:36:50+00:00\" \/>\n<meta property=\"og:image\" content=\"https:\/\/planseal.com\/wp-content\/uploads\/2025\/05\/yoast-2.png\" \/>\n\t<meta property=\"og:image:width\" content=\"1200\" \/>\n\t<meta property=\"og:image:height\" content=\"675\" \/>\n\t<meta property=\"og:image:type\" content=\"image\/png\" \/>\n<meta name=\"twitter:card\" content=\"summary_large_image\" \/>\n<meta name=\"twitter:label1\" content=\"Procijenjeno vrijeme \u010ditanja\" \/>\n\t<meta name=\"twitter:data1\" content=\"1 minuta\" \/>\n<script type=\"application\/ld+json\" class=\"yoast-schema-graph\">{\"@context\":\"https:\\\/\\\/schema.org\",\"@graph\":[{\"@type\":\"WebPage\",\"@id\":\"https:\\\/\\\/planseal.com\\\/hr\\\/impressum\\\/\",\"url\":\"https:\\\/\\\/planseal.com\\\/hr\\\/impressum\\\/\",\"name\":\"Impressum\",\"isPartOf\":{\"@id\":\"https:\\\/\\\/planseal.com\\\/hr\\\/#website\"},\"datePublished\":\"2025-05-22T10:51:28+00:00\",\"dateModified\":\"2025-05-26T11:36:50+00:00\",\"breadcrumb\":{\"@id\":\"https:\\\/\\\/planseal.com\\\/hr\\\/impressum\\\/#breadcrumb\"},\"inLanguage\":\"hr\",\"potentialAction\":[{\"@type\":\"ReadAction\",\"target\":[\"https:\\\/\\\/planseal.com\\\/hr\\\/impressum\\\/\"]}]},{\"@type\":\"BreadcrumbList\",\"@id\":\"https:\\\/\\\/planseal.com\\\/hr\\\/impressum\\\/#breadcrumb\",\"itemListElement\":[{\"@type\":\"ListItem\",\"position\":1,\"name\":\"Home\",\"item\":\"https:\\\/\\\/planseal.com\\\/hr\\\/pocetna\\\/\"},{\"@type\":\"ListItem\",\"position\":2,\"name\":\"Impressum\"}]},{\"@type\":\"WebSite\",\"@id\":\"https:\\\/\\\/planseal.com\\\/hr\\\/#website\",\"url\":\"https:\\\/\\\/planseal.com\\\/hr\\\/\",\"name\":\"PLANSEAL Bautechnik GmbH\",\"description\":\"\",\"publisher\":{\"@id\":\"https:\\\/\\\/planseal.com\\\/hr\\\/#organization\"},\"alternateName\":\"PLANSEAL\",\"potentialAction\":[{\"@type\":\"SearchAction\",\"target\":{\"@type\":\"EntryPoint\",\"urlTemplate\":\"https:\\\/\\\/planseal.com\\\/hr\\\/?s={search_term_string}\"},\"query-input\":{\"@type\":\"PropertyValueSpecification\",\"valueRequired\":true,\"valueName\":\"search_term_string\"}}],\"inLanguage\":\"hr\"},{\"@type\":\"Organization\",\"@id\":\"https:\\\/\\\/planseal.com\\\/hr\\\/#organization\",\"name\":\"PLANSEAL Bautechnik GmbH\",\"alternateName\":\"PLANSEAL\",\"url\":\"https:\\\/\\\/planseal.com\\\/hr\\\/\",\"logo\":{\"@type\":\"ImageObject\",\"inLanguage\":\"hr\",\"@id\":\"https:\\\/\\\/planseal.com\\\/hr\\\/#\\\/schema\\\/logo\\\/image\\\/\",\"url\":\"https:\\\/\\\/planseal.com\\\/wp-content\\\/uploads\\\/2025\\\/05\\\/yoast-logo.jpg\",\"contentUrl\":\"https:\\\/\\\/planseal.com\\\/wp-content\\\/uploads\\\/2025\\\/05\\\/yoast-logo.jpg\",\"width\":696,\"height\":696,\"caption\":\"PLANSEAL Bautechnik GmbH\"},\"image\":{\"@id\":\"https:\\\/\\\/planseal.com\\\/hr\\\/#\\\/schema\\\/logo\\\/image\\\/\"}}]}<\/script>\n<!-- \/ Yoast SEO plugin. -->","yoast_head_json":{"title":"Impressum","robots":{"index":"index","follow":"follow","max-snippet":"max-snippet:-1","max-image-preview":"max-image-preview:large","max-video-preview":"max-video-preview:-1"},"canonical":"https:\/\/planseal.com\/hr\/impressum\/","og_locale":"hr_HR","og_type":"article","og_title":"Impressum","og_description":"IMPRESSUM (Podaci o tvrtki) sukladno \u00a7 5 TMGPlanseal Bautechnik GmbHGuttenburger Stra\u00dfe 3284559 Kraiburg a. InnNjema\u010dka Zastupana po:Tomislav Pla\u0161\u0107 (direktor) Telefon: +49 1573 7557943E-mail: info@planseal.de Upis u registar:Upisana u trgova\u010dki registar.Nadle\u017eni sud: Trgova\u010dki sud TraunsteinBroj registra: HRB 33667 Identifikacijski broj za PDV prema \u00a7 27a UStG:DE450300924 Odgovorna osoba za sadr\u017eaj prema \u00a7 55 st. 2 RStV:Tomislav [&hellip;]","og_url":"https:\/\/planseal.com\/hr\/impressum\/","og_site_name":"Planseal","article_modified_time":"2025-05-26T11:36:50+00:00","og_image":[{"width":1200,"height":675,"url":"https:\/\/planseal.com\/wp-content\/uploads\/2025\/05\/yoast-2.png","type":"image\/png"}],"twitter_card":"summary_large_image","twitter_misc":{"Procijenjeno vrijeme \u010ditanja":"1 minuta"},"schema":{"@context":"https:\/\/schema.org","@graph":[{"@type":"WebPage","@id":"https:\/\/planseal.com\/hr\/impressum\/","url":"https:\/\/planseal.com\/hr\/impressum\/","name":"Impressum","isPartOf":{"@id":"https:\/\/planseal.com\/hr\/#website"},"datePublished":"2025-05-22T10:51:28+00:00","dateModified":"2025-05-26T11:36:50+00:00","breadcrumb":{"@id":"https:\/\/planseal.com\/hr\/impressum\/#breadcrumb"},"inLanguage":"hr","potentialAction":[{"@type":"ReadAction","target":["https:\/\/planseal.com\/hr\/impressum\/"]}]},{"@type":"BreadcrumbList","@id":"https:\/\/planseal.com\/hr\/impressum\/#breadcrumb","itemListElement":[{"@type":"ListItem","position":1,"name":"Home","item":"https:\/\/planseal.com\/hr\/pocetna\/"},{"@type":"ListItem","position":2,"name":"Impressum"}]},{"@type":"WebSite","@id":"https:\/\/planseal.com\/hr\/#website","url":"https:\/\/planseal.com\/hr\/","name":"PLANSEAL Bautechnik GmbH","description":"","publisher":{"@id":"https:\/\/planseal.com\/hr\/#organization"},"alternateName":"PLANSEAL","potentialAction":[{"@type":"SearchAction","target":{"@type":"EntryPoint","urlTemplate":"https:\/\/planseal.com\/hr\/?s={search_term_string}"},"query-input":{"@type":"PropertyValueSpecification","valueRequired":true,"valueName":"search_term_string"}}],"inLanguage":"hr"},{"@type":"Organization","@id":"https:\/\/planseal.com\/hr\/#organization","name":"PLANSEAL Bautechnik GmbH","alternateName":"PLANSEAL","url":"https:\/\/planseal.com\/hr\/","logo":{"@type":"ImageObject","inLanguage":"hr","@id":"https:\/\/planseal.com\/hr\/#\/schema\/logo\/image\/","url":"https:\/\/planseal.com\/wp-content\/uploads\/2025\/05\/yoast-logo.jpg","contentUrl":"https:\/\/planseal.com\/wp-content\/uploads\/2025\/05\/yoast-logo.jpg","width":696,"height":696,"caption":"PLANSEAL Bautechnik GmbH"},"image":{"@id":"https:\/\/planseal.com\/hr\/#\/schema\/logo\/image\/"}}]}},"_links":{"self":[{"href":"https:\/\/planseal.com\/hr\/wp-json\/wp\/v2\/pages\/1053","targetHints":{"allow":["GET"]}}],"collection":[{"href":"https:\/\/planseal.com\/hr\/wp-json\/wp\/v2\/pages"}],"about":[{"href":"https:\/\/planseal.com\/hr\/wp-json\/wp\/v2\/types\/page"}],"author":[{"embeddable":true,"href":"https:\/\/planseal.com\/hr\/wp-json\/wp\/v2\/users\/1"}],"replies":[{"embeddable":true,"href":"https:\/\/planseal.com\/hr\/wp-json\/wp\/v2\/comments?post=1053"}],"version-history":[{"count":5,"href":"https:\/\/planseal.com\/hr\/wp-json\/wp\/v2\/pages\/1053\/revisions"}],"predecessor-version":[{"id":1058,"href":"https:\/\/planseal.com\/hr\/wp-json\/wp\/v2\/pages\/1053\/revisions\/1058"}],"wp:attachment":[{"href":"https:\/\/planseal.com\/hr\/wp-json\/wp\/v2\/media?parent=1053"}],"curies":[{"name":"wp","href":"https:\/\/api.w.org\/{rel}","templated":true}]}}