{"id":1022,"date":"2025-05-22T09:08:57","date_gmt":"2025-05-22T09:08:57","guid":{"rendered":"https:\/\/planseal.com\/?page_id=1022"},"modified":"2025-05-26T11:35:58","modified_gmt":"2025-05-26T11:35:58","slug":"politika-privatnosti","status":"publish","type":"page","link":"https:\/\/planseal.com\/hr\/politika-privatnosti\/","title":{"rendered":"Politika privatnosti"},"content":{"rendered":"\t\t<div data-elementor-type=\"wp-page\" data-elementor-id=\"1022\" class=\"elementor elementor-1022\">\n\t\t\t\t<div class=\"elementor-element elementor-element-f14a643 e-flex e-con-boxed e-con e-parent\" data-id=\"f14a643\" data-element_type=\"container\" data-e-type=\"container\">\n\t\t\t\t\t<div class=\"e-con-inner\">\n\t\t\t\t<div class=\"elementor-element elementor-element-c99451d elementor-widget elementor-widget-text-editor\" data-id=\"c99451d\" data-element_type=\"widget\" data-e-type=\"widget\" data-widget_type=\"text-editor.default\">\n\t\t\t\t<div class=\"elementor-widget-container\">\n\t\t\t\t\t\t\t\t\t<p data-start=\"616\" data-end=\"645\"><strong data-start=\"616\" data-end=\"645\">IZJAVA O ZA\u0160TITI PODATAKA<\/strong><\/p><p data-start=\"647\" data-end=\"701\">sukladno \u010dl. 13. Op\u0107e uredbe o za\u0161titi podataka (GDPR)<\/p><p data-start=\"703\" data-end=\"922\"><strong data-start=\"703\" data-end=\"725\">1. Voditelj obrade<\/strong><br data-start=\"725\" data-end=\"728\" \/>Voditelj obrade podataka na ovoj internetskoj stranici je:<br data-start=\"786\" data-end=\"789\" \/><strong data-start=\"789\" data-end=\"817\">Planseal Bautechnik GmbH<\/strong><br data-start=\"817\" data-end=\"820\" \/>Direktor: Tomislav Pla\u0161\u0107<br data-start=\"844\" data-end=\"847\" \/>Guttenburger Stra\u00dfe 32<br data-start=\"869\" data-end=\"872\" \/>84559 Kraiburg a. Inn<br data-start=\"893\" data-end=\"896\" \/>E-mail: <a class=\"cursor-pointer\" rel=\"noopener\" data-start=\"904\" data-end=\"920\">info@planseal.de<\/a><\/p><p data-start=\"924\" data-end=\"1108\"><strong data-start=\"924\" data-end=\"1000\">2. Prikupljanje i pohrana osobnih podataka prilikom posjeta web-stranici<\/strong><br data-start=\"1000\" data-end=\"1003\" \/>Prilikom posjeta na\u0161oj web-stranici, na\u0161 pru\u017eatelj usluge hostinga automatski bilje\u017ei sljede\u0107e podatke:<\/p><ul data-start=\"1109\" data-end=\"1268\"><li data-start=\"1109\" data-end=\"1122\"><p data-start=\"1111\" data-end=\"1122\">IP adresa<\/p><\/li><li data-start=\"1123\" data-end=\"1151\"><p data-start=\"1125\" data-end=\"1151\">Datum i vrijeme pristupa<\/p><\/li><li data-start=\"1152\" data-end=\"1183\"><p data-start=\"1154\" data-end=\"1183\">Vrsta i verzija preglednika<\/p><\/li><li data-start=\"1184\" data-end=\"1215\"><p data-start=\"1186\" data-end=\"1215\">Kori\u0161teni operativni sustav<\/p><\/li><li data-start=\"1216\" data-end=\"1268\"><p data-start=\"1218\" data-end=\"1268\">Referrer URL (stranica s koje je korisnik do\u0161ao)<\/p><\/li><\/ul><p data-start=\"1270\" data-end=\"1445\">Ti se podaci privremeno pohranjuju i ne povezuju s drugim izvorima podataka. Obrada se temelji na \u010dl. 6. st. 1 to\u010d. f GDPR-a u svrhu osiguravanja neometanog rada web-stranice.<\/p><p data-start=\"1447\" data-end=\"1749\"><strong data-start=\"1447\" data-end=\"1469\">3. Kontakt obrazac<\/strong><br data-start=\"1469\" data-end=\"1472\" \/>Ako nas kontaktirate putem obrasca, va\u0161i podaci (ime, adresa, telefonski broj, e-mail, poruka) bit \u0107e obra\u0111eni u svrhu odgovora na va\u0161 upit.<br data-start=\"1612\" data-end=\"1615\" \/>Pravna osnova: \u010dl. 6. st. 1 to\u010d. b GDPR (ugovor ili predugovorna mjera).<br data-start=\"1687\" data-end=\"1690\" \/>Podaci se bri\u0161u \u010dim vi\u0161e nisu potrebni za postizanje svrhe.<\/p><p data-start=\"1751\" data-end=\"2015\"><strong data-start=\"1751\" data-end=\"1765\">4. Hosting<\/strong><br data-start=\"1765\" data-end=\"1768\" \/>Na\u0161a web-stranica nalazi se na poslu\u017eitelju vanjskog pru\u017eatelja usluga (hosting-provider). Svi podaci koji se prikupljaju putem ove stranice obra\u0111uju se na njegovim poslu\u017eiteljima. To se temelji na ugovoru o obradi podataka sukladno \u010dl. 28 GDPR-a.<\/p><p data-start=\"2017\" data-end=\"2057\"><strong data-start=\"2017\" data-end=\"2040\">5. Prava ispitanika<\/strong><br data-start=\"2040\" data-end=\"2043\" \/>Imate pravo:<\/p><ul data-start=\"2058\" data-end=\"2327\"><li data-start=\"2058\" data-end=\"2114\"><p data-start=\"2060\" data-end=\"2114\">na pristup svojim pohranjenim podacima (\u010dl. 15 GDPR)<\/p><\/li><li data-start=\"2115\" data-end=\"2162\"><p data-start=\"2117\" data-end=\"2162\">na ispravak neto\u010dnih podataka (\u010dl. 16 GDPR)<\/p><\/li><li data-start=\"2163\" data-end=\"2208\"><p data-start=\"2165\" data-end=\"2208\">na brisanje svojih podataka (\u010dl. 17 GDPR)<\/p><\/li><li data-start=\"2209\" data-end=\"2248\"><p data-start=\"2211\" data-end=\"2248\">na ograni\u010denje obrade (\u010dl. 18 GDPR)<\/p><\/li><li data-start=\"2249\" data-end=\"2287\"><p data-start=\"2251\" data-end=\"2287\">na prijenos podataka (\u010dl. 20 GDPR)<\/p><\/li><li data-start=\"2288\" data-end=\"2327\"><p data-start=\"2290\" data-end=\"2327\">na prigovor na obradu (\u010dl. 21 GDPR)<\/p><\/li><\/ul><p data-start=\"2329\" data-end=\"2485\">Tako\u0111er imate pravo na \u017ealbu nadle\u017enom tijelu za za\u0161titu podataka.<br data-start=\"2395\" data-end=\"2398\" \/>Za ostvarenje va\u0161ih prava dovoljna je neformalna poruka na gore navedenu e-mail adresu.<\/p><p data-start=\"2487\" data-end=\"2691\"><strong data-start=\"2487\" data-end=\"2508\">6. SSL enkripcija<\/strong><br data-start=\"2508\" data-end=\"2511\" \/>Ova stranica koristi SSL enkripciju iz sigurnosnih razloga i radi za\u0161tite prijenosa povjerljivih sadr\u017eaja. \u0160ifriranu vezu prepoznat \u0107ete po \u201ehttps:\/\/\u201c u adresnoj traci preglednika.<\/p><p data-start=\"2693\" data-end=\"2780\"><strong data-start=\"2693\" data-end=\"2708\">7. Promjene<\/strong><br data-start=\"2708\" data-end=\"2711\" \/>Zadr\u017eavamo pravo izmjene ove izjave o za\u0161titi podataka prema potrebi.<\/p><p data-start=\"2782\" data-end=\"3111\"><strong data-start=\"2782\" data-end=\"2808\">8. Kori\u0161tenje kola\u010di\u0107a<\/strong><br data-start=\"2808\" data-end=\"2811\" \/>Na\u0161a stranica koristi kola\u010di\u0107e. Politiku kola\u010di\u0107a mo\u017eete prona\u0107i ovdije <a href=\"https:\/\/planseal.com\/politika-kolacica\/\">https:\/\/planseal.com\/politika-kolacica\/<\/a><br data-start=\"2999\" data-end=\"3002\" \/>Obrada se temelji na \u010dl. 6. st. 1 to\u010d. f GDPR (legitimni interes za siguran i funkcionalan rad web-stranice).<\/p><hr data-start=\"3113\" data-end=\"3116\" \/>\t\t\t\t\t\t\t\t<\/div>\n\t\t\t\t<\/div>\n\t\t\t\t\t<\/div>\n\t\t\t\t<\/div>\n\t\t\t\t<\/div>\n\t\t","protected":false},"excerpt":{"rendered":"<p>IZJAVA O ZA\u0160TITI PODATAKA sukladno \u010dl. 13. Op\u0107e uredbe o za\u0161titi podataka (GDPR) 1. Voditelj obradeVoditelj obrade podataka na ovoj internetskoj stranici je:Planseal Bautechnik GmbHDirektor: Tomislav Pla\u0161\u0107Guttenburger Stra\u00dfe 3284559 Kraiburg a. InnE-mail: info@planseal.de 2. Prikupljanje i pohrana osobnih podataka prilikom posjeta web-straniciPrilikom posjeta na\u0161oj web-stranici, na\u0161 pru\u017eatelj usluge hostinga automatski bilje\u017ei sljede\u0107e podatke: IP adresa [&hellip;]<\/p>\n","protected":false},"author":1,"featured_media":0,"parent":0,"menu_order":0,"comment_status":"closed","ping_status":"closed","template":"","meta":{"_themeisle_gutenberg_block_has_review":false,"footnotes":""},"class_list":["post-1022","page","type-page","status-publish","hentry"],"blocksy_meta":[],"yoast_head":"<!-- This site is optimized with the Yoast SEO plugin v27.4 - https:\/\/yoast.com\/product\/yoast-seo-wordpress\/ -->\n<title>Datenschutzerkl\u00e4rung<\/title>\n<meta name=\"robots\" content=\"index, follow, max-snippet:-1, max-image-preview:large, max-video-preview:-1\" \/>\n<link rel=\"canonical\" href=\"https:\/\/planseal.com\/hr\/politika-privatnosti\/\" \/>\n<meta property=\"og:locale\" content=\"hr_HR\" \/>\n<meta property=\"og:type\" content=\"article\" \/>\n<meta property=\"og:title\" content=\"Datenschutzerkl\u00e4rung\" \/>\n<meta property=\"og:description\" content=\"IZJAVA O ZA\u0160TITI PODATAKA sukladno \u010dl. 13. Op\u0107e uredbe o za\u0161titi podataka (GDPR) 1. Voditelj obradeVoditelj obrade podataka na ovoj internetskoj stranici je:Planseal Bautechnik GmbHDirektor: Tomislav Pla\u0161\u0107Guttenburger Stra\u00dfe 3284559 Kraiburg a. InnE-mail: info@planseal.de 2. Prikupljanje i pohrana osobnih podataka prilikom posjeta web-straniciPrilikom posjeta na\u0161oj web-stranici, na\u0161 pru\u017eatelj usluge hostinga automatski bilje\u017ei sljede\u0107e podatke: IP adresa [&hellip;]\" \/>\n<meta property=\"og:url\" content=\"https:\/\/planseal.com\/hr\/politika-privatnosti\/\" \/>\n<meta property=\"og:site_name\" content=\"Planseal\" \/>\n<meta property=\"article:modified_time\" content=\"2025-05-26T11:35:58+00:00\" \/>\n<meta property=\"og:image\" content=\"https:\/\/planseal.com\/wp-content\/uploads\/2025\/05\/yoast-2.png\" \/>\n\t<meta property=\"og:image:width\" content=\"1200\" \/>\n\t<meta property=\"og:image:height\" content=\"675\" \/>\n\t<meta property=\"og:image:type\" content=\"image\/png\" \/>\n<meta name=\"twitter:card\" content=\"summary_large_image\" \/>\n<meta name=\"twitter:label1\" content=\"Procijenjeno vrijeme \u010ditanja\" \/>\n\t<meta name=\"twitter:data1\" content=\"2 minute\" \/>\n<script type=\"application\/ld+json\" class=\"yoast-schema-graph\">{\"@context\":\"https:\\\/\\\/schema.org\",\"@graph\":[{\"@type\":\"WebPage\",\"@id\":\"https:\\\/\\\/planseal.com\\\/hr\\\/politika-privatnosti\\\/\",\"url\":\"https:\\\/\\\/planseal.com\\\/hr\\\/politika-privatnosti\\\/\",\"name\":\"Datenschutzerkl\u00e4rung\",\"isPartOf\":{\"@id\":\"https:\\\/\\\/planseal.com\\\/hr\\\/#website\"},\"datePublished\":\"2025-05-22T09:08:57+00:00\",\"dateModified\":\"2025-05-26T11:35:58+00:00\",\"breadcrumb\":{\"@id\":\"https:\\\/\\\/planseal.com\\\/hr\\\/politika-privatnosti\\\/#breadcrumb\"},\"inLanguage\":\"hr\",\"potentialAction\":[{\"@type\":\"ReadAction\",\"target\":[\"https:\\\/\\\/planseal.com\\\/hr\\\/politika-privatnosti\\\/\"]}]},{\"@type\":\"BreadcrumbList\",\"@id\":\"https:\\\/\\\/planseal.com\\\/hr\\\/politika-privatnosti\\\/#breadcrumb\",\"itemListElement\":[{\"@type\":\"ListItem\",\"position\":1,\"name\":\"Home\",\"item\":\"https:\\\/\\\/planseal.com\\\/hr\\\/pocetna\\\/\"},{\"@type\":\"ListItem\",\"position\":2,\"name\":\"Politika privatnosti\"}]},{\"@type\":\"WebSite\",\"@id\":\"https:\\\/\\\/planseal.com\\\/hr\\\/#website\",\"url\":\"https:\\\/\\\/planseal.com\\\/hr\\\/\",\"name\":\"PLANSEAL Bautechnik GmbH\",\"description\":\"\",\"publisher\":{\"@id\":\"https:\\\/\\\/planseal.com\\\/hr\\\/#organization\"},\"alternateName\":\"PLANSEAL\",\"potentialAction\":[{\"@type\":\"SearchAction\",\"target\":{\"@type\":\"EntryPoint\",\"urlTemplate\":\"https:\\\/\\\/planseal.com\\\/hr\\\/?s={search_term_string}\"},\"query-input\":{\"@type\":\"PropertyValueSpecification\",\"valueRequired\":true,\"valueName\":\"search_term_string\"}}],\"inLanguage\":\"hr\"},{\"@type\":\"Organization\",\"@id\":\"https:\\\/\\\/planseal.com\\\/hr\\\/#organization\",\"name\":\"PLANSEAL Bautechnik GmbH\",\"alternateName\":\"PLANSEAL\",\"url\":\"https:\\\/\\\/planseal.com\\\/hr\\\/\",\"logo\":{\"@type\":\"ImageObject\",\"inLanguage\":\"hr\",\"@id\":\"https:\\\/\\\/planseal.com\\\/hr\\\/#\\\/schema\\\/logo\\\/image\\\/\",\"url\":\"https:\\\/\\\/planseal.com\\\/wp-content\\\/uploads\\\/2025\\\/05\\\/yoast-logo.jpg\",\"contentUrl\":\"https:\\\/\\\/planseal.com\\\/wp-content\\\/uploads\\\/2025\\\/05\\\/yoast-logo.jpg\",\"width\":696,\"height\":696,\"caption\":\"PLANSEAL Bautechnik GmbH\"},\"image\":{\"@id\":\"https:\\\/\\\/planseal.com\\\/hr\\\/#\\\/schema\\\/logo\\\/image\\\/\"}}]}<\/script>\n<!-- \/ Yoast SEO plugin. -->","yoast_head_json":{"title":"Datenschutzerkl\u00e4rung","robots":{"index":"index","follow":"follow","max-snippet":"max-snippet:-1","max-image-preview":"max-image-preview:large","max-video-preview":"max-video-preview:-1"},"canonical":"https:\/\/planseal.com\/hr\/politika-privatnosti\/","og_locale":"hr_HR","og_type":"article","og_title":"Datenschutzerkl\u00e4rung","og_description":"IZJAVA O ZA\u0160TITI PODATAKA sukladno \u010dl. 13. Op\u0107e uredbe o za\u0161titi podataka (GDPR) 1. Voditelj obradeVoditelj obrade podataka na ovoj internetskoj stranici je:Planseal Bautechnik GmbHDirektor: Tomislav Pla\u0161\u0107Guttenburger Stra\u00dfe 3284559 Kraiburg a. InnE-mail: info@planseal.de 2. Prikupljanje i pohrana osobnih podataka prilikom posjeta web-straniciPrilikom posjeta na\u0161oj web-stranici, na\u0161 pru\u017eatelj usluge hostinga automatski bilje\u017ei sljede\u0107e podatke: IP adresa [&hellip;]","og_url":"https:\/\/planseal.com\/hr\/politika-privatnosti\/","og_site_name":"Planseal","article_modified_time":"2025-05-26T11:35:58+00:00","og_image":[{"width":1200,"height":675,"url":"https:\/\/planseal.com\/wp-content\/uploads\/2025\/05\/yoast-2.png","type":"image\/png"}],"twitter_card":"summary_large_image","twitter_misc":{"Procijenjeno vrijeme \u010ditanja":"2 minute"},"schema":{"@context":"https:\/\/schema.org","@graph":[{"@type":"WebPage","@id":"https:\/\/planseal.com\/hr\/politika-privatnosti\/","url":"https:\/\/planseal.com\/hr\/politika-privatnosti\/","name":"Datenschutzerkl\u00e4rung","isPartOf":{"@id":"https:\/\/planseal.com\/hr\/#website"},"datePublished":"2025-05-22T09:08:57+00:00","dateModified":"2025-05-26T11:35:58+00:00","breadcrumb":{"@id":"https:\/\/planseal.com\/hr\/politika-privatnosti\/#breadcrumb"},"inLanguage":"hr","potentialAction":[{"@type":"ReadAction","target":["https:\/\/planseal.com\/hr\/politika-privatnosti\/"]}]},{"@type":"BreadcrumbList","@id":"https:\/\/planseal.com\/hr\/politika-privatnosti\/#breadcrumb","itemListElement":[{"@type":"ListItem","position":1,"name":"Home","item":"https:\/\/planseal.com\/hr\/pocetna\/"},{"@type":"ListItem","position":2,"name":"Politika privatnosti"}]},{"@type":"WebSite","@id":"https:\/\/planseal.com\/hr\/#website","url":"https:\/\/planseal.com\/hr\/","name":"PLANSEAL Bautechnik GmbH","description":"","publisher":{"@id":"https:\/\/planseal.com\/hr\/#organization"},"alternateName":"PLANSEAL","potentialAction":[{"@type":"SearchAction","target":{"@type":"EntryPoint","urlTemplate":"https:\/\/planseal.com\/hr\/?s={search_term_string}"},"query-input":{"@type":"PropertyValueSpecification","valueRequired":true,"valueName":"search_term_string"}}],"inLanguage":"hr"},{"@type":"Organization","@id":"https:\/\/planseal.com\/hr\/#organization","name":"PLANSEAL Bautechnik GmbH","alternateName":"PLANSEAL","url":"https:\/\/planseal.com\/hr\/","logo":{"@type":"ImageObject","inLanguage":"hr","@id":"https:\/\/planseal.com\/hr\/#\/schema\/logo\/image\/","url":"https:\/\/planseal.com\/wp-content\/uploads\/2025\/05\/yoast-logo.jpg","contentUrl":"https:\/\/planseal.com\/wp-content\/uploads\/2025\/05\/yoast-logo.jpg","width":696,"height":696,"caption":"PLANSEAL Bautechnik GmbH"},"image":{"@id":"https:\/\/planseal.com\/hr\/#\/schema\/logo\/image\/"}}]}},"_links":{"self":[{"href":"https:\/\/planseal.com\/hr\/wp-json\/wp\/v2\/pages\/1022","targetHints":{"allow":["GET"]}}],"collection":[{"href":"https:\/\/planseal.com\/hr\/wp-json\/wp\/v2\/pages"}],"about":[{"href":"https:\/\/planseal.com\/hr\/wp-json\/wp\/v2\/types\/page"}],"author":[{"embeddable":true,"href":"https:\/\/planseal.com\/hr\/wp-json\/wp\/v2\/users\/1"}],"replies":[{"embeddable":true,"href":"https:\/\/planseal.com\/hr\/wp-json\/wp\/v2\/comments?post=1022"}],"version-history":[{"count":8,"href":"https:\/\/planseal.com\/hr\/wp-json\/wp\/v2\/pages\/1022\/revisions"}],"predecessor-version":[{"id":1301,"href":"https:\/\/planseal.com\/hr\/wp-json\/wp\/v2\/pages\/1022\/revisions\/1301"}],"wp:attachment":[{"href":"https:\/\/planseal.com\/hr\/wp-json\/wp\/v2\/media?parent=1022"}],"curies":[{"name":"wp","href":"https:\/\/api.w.org\/{rel}","templated":true}]}}